{"id":132,"date":"2023-12-01T09:55:43","date_gmt":"2023-12-01T09:55:43","guid":{"rendered":"https:\/\/folkemusikkarkivet.net\/wordpress\/?page_id=132"},"modified":"2025-11-26T15:53:57","modified_gmt":"2025-11-26T14:53:57","slug":"til-salgs","status":"publish","type":"page","link":"https:\/\/folkemusikkarkivet.net\/telemark\/index.php\/til-salgs\/","title":{"rendered":"Til salgs"},"content":{"rendered":"\r\n<p>Folkemusikkarkivet har nokre plater og b\u00f8ker for sal. Kontakt oss om du \u00f8nskjer \u00e5 tinge! Ved utsending blir porto lagt til p\u00e5 fakturaen.<\/p>\r\n\r\n\r\n\r\n<h2 class=\"wp-block-heading\"><strong>CD<\/strong><\/h2>\r\n\r\n\r\n\r\n<figure class=\"wp-block-table\">\r\n<table>\r\n<tbody>\r\n<tr>\r\n<td>\r\n<p>\u00a0<a href=\"https:\/\/folkemusikkarkivet.net\/telemark\/wp-content\/uploads\/2023\/12\/sveinungdalen.jpg\"><img fetchpriority=\"high\" decoding=\"async\" class=\"alignnone  wp-image-223\" src=\"https:\/\/folkemusikkarkivet.net\/telemark\/wp-content\/uploads\/2023\/12\/sveinungdalen-300x269.jpg\" alt=\"\" width=\"275\" height=\"246\" srcset=\"https:\/\/folkemusikkarkivet.net\/telemark\/wp-content\/uploads\/2023\/12\/sveinungdalen-300x269.jpg 300w, https:\/\/folkemusikkarkivet.net\/telemark\/wp-content\/uploads\/2023\/12\/sveinungdalen-768x688.jpg 768w, https:\/\/folkemusikkarkivet.net\/telemark\/wp-content\/uploads\/2023\/12\/sveinungdalen.jpg 1000w\" sizes=\"(max-width: 275px) 100vw, 275px\" \/><\/a><\/p>\r\n<p><strong>Sveinung Dalen: Helg<br \/><\/strong>Kr 180,-<br \/>Sveinung Dalen var ein av dei fremste spelemennene i Telemark i andre halvdel av 1900-talet. Med denne cd-en har b\u00f8heringen ogs\u00e5 blitt plateartist, i ein alder av 97 \u00e5r! Dei 30 sl\u00e5ttane p\u00e5 plata presenterer Dalen som spelemann \u2013 dette er roleg og h\u00f8gtidssamt spel, klart og reint, men ogs\u00e5 friske takter iblant. Opptaka er gjort i hovudsak p\u00e5 1970- og 80-talet. Produksjonen er st\u00f8tta av Norsk senter for folkemusikk og folkedans.<\/p>\r\n<\/td>\r\n<td>\r\n<p><img decoding=\"async\" class=\"alignnone  wp-image-575\" src=\"https:\/\/folkemusikkarkivet.net\/telemark\/wp-content\/uploads\/2025\/10\/EinarOverland_Kveldroen-250x216.jpg\" alt=\"\" width=\"300\" height=\"259\" srcset=\"https:\/\/folkemusikkarkivet.net\/telemark\/wp-content\/uploads\/2025\/10\/EinarOverland_Kveldroen-250x216.jpg 250w, https:\/\/folkemusikkarkivet.net\/telemark\/wp-content\/uploads\/2025\/10\/EinarOverland_Kveldroen-1024x885.jpg 1024w, https:\/\/folkemusikkarkivet.net\/telemark\/wp-content\/uploads\/2025\/10\/EinarOverland_Kveldroen-768x664.jpg 768w, https:\/\/folkemusikkarkivet.net\/telemark\/wp-content\/uploads\/2025\/10\/EinarOverland_Kveldroen-1536x1327.jpg 1536w, https:\/\/folkemusikkarkivet.net\/telemark\/wp-content\/uploads\/2025\/10\/EinarOverland_Kveldroen.jpg 1656w\" sizes=\"(max-width: 300px) 100vw, 300px\" \/><\/p>\r\n<p style=\"font-weight: 400;\"><strong>Einar \u00d8verland: Kveldroen<br \/><\/strong>Dobbel cd, kr 250,-<\/p>\r\n<p style=\"font-weight: 400;\">Spelemannen Einar \u00d8verland (f. 1944) har r\u00f8ter fr\u00e5 Seljordshei, og i slekta har det vore b\u00e5de spelemenn og kvedarar. Sj\u00f8lv har han spela sidan ungdomen, men han skulle bli over 80 \u00e5r f\u00f8r han gav ut plate. Til gjengjeld skjer platedebuten med ein dobbelt cd! Her er totalt 34 sl\u00e5ttar, og hefte med presentasjon skrive av Knut Buen. Opptaka er gjort i 1987 og 2017, etter initiativ fr\u00e5 Buen, og plateselskapet Aksent st\u00e5r bak utgjevinga.<\/p>\r\n<\/td>\r\n<\/tr>\r\n<tr>\r\n<td>\r\n<p><img decoding=\"async\" class=\"alignnone  wp-image-215\" src=\"https:\/\/folkemusikkarkivet.net\/telemark\/wp-content\/uploads\/2023\/12\/Haavardspel-300x300.jpg\" alt=\"\" width=\"305\" height=\"305\" srcset=\"https:\/\/folkemusikkarkivet.net\/telemark\/wp-content\/uploads\/2023\/12\/Haavardspel-300x300.jpg 300w, https:\/\/folkemusikkarkivet.net\/telemark\/wp-content\/uploads\/2023\/12\/Haavardspel-150x150.jpg 150w, https:\/\/folkemusikkarkivet.net\/telemark\/wp-content\/uploads\/2023\/12\/Haavardspel-560x560.jpg 560w, https:\/\/folkemusikkarkivet.net\/telemark\/wp-content\/uploads\/2023\/12\/Haavardspel.jpg 600w\" sizes=\"(max-width: 305px) 100vw, 305px\" \/><br \/><strong><br \/>H\u00e5vardspel \u2013 sl\u00e5ttar etter H\u00e5vard Gib\u00f8en<br \/><\/strong>kr. 170,-<\/p>\r\n<p>H\u00e5vard Gib\u00f8en er eitt av dei store spelemannsnamna fr\u00e5 Telemark p\u00e5 1800-talet.Denne plata blei gitt ut i 2009 i samband med 200-\u00e5rsmarkeringa for f\u00f8dselen hans. Her er arkivopptak med ti sentrale spelemenn som alle har eit n\u00e6rt forhold til Gib\u00f8-tradisjonen.\u00a0<\/p>\r\n<\/td>\r\n<td>\r\n<p><img loading=\"lazy\" decoding=\"async\" class=\"alignnone  wp-image-219\" src=\"https:\/\/folkemusikkarkivet.net\/telemark\/wp-content\/uploads\/2023\/12\/olavhaugen-300x300.jpg\" alt=\"\" width=\"282\" height=\"282\" srcset=\"https:\/\/folkemusikkarkivet.net\/telemark\/wp-content\/uploads\/2023\/12\/olavhaugen-300x300.jpg 300w, https:\/\/folkemusikkarkivet.net\/telemark\/wp-content\/uploads\/2023\/12\/olavhaugen-150x150.jpg 150w, https:\/\/folkemusikkarkivet.net\/telemark\/wp-content\/uploads\/2023\/12\/olavhaugen.jpg 340w\" sizes=\"(max-width: 282px) 100vw, 282px\" \/><br \/>\u00a0<br \/><strong>Olav Haugen: Mitt liv<br \/><\/strong>kr. 180,-<\/p>\r\n<p>\u201dMitt liv det har vore s\u00e5 rikt.\u201d Slik heiter det i ei av visene Olav Haugen (f. 1926) syng. Han har hatt eit rikt og aktivt liv med folkemusikk og dans, og har vore ein sterk eksponent for bygdeviser og stev i Telemark. Opptaka p\u00e5 plata spenner over ein lang tidsperiode og viser glimt fr\u00e5 det store viserepertoaret hans.<br \/><br \/><\/p>\r\n<\/td>\r\n<\/tr>\r\n<tr>\r\n<td>\r\n<p style=\"text-align: left;\"><img loading=\"lazy\" decoding=\"async\" class=\"alignnone  wp-image-224\" src=\"https:\/\/folkemusikkarkivet.net\/telemark\/wp-content\/uploads\/2023\/12\/Telemarkfestivalen-300x300.jpg\" alt=\"\" width=\"293\" height=\"293\" srcset=\"https:\/\/folkemusikkarkivet.net\/telemark\/wp-content\/uploads\/2023\/12\/Telemarkfestivalen-300x300.jpg 300w, https:\/\/folkemusikkarkivet.net\/telemark\/wp-content\/uploads\/2023\/12\/Telemarkfestivalen-150x150.jpg 150w, https:\/\/folkemusikkarkivet.net\/telemark\/wp-content\/uploads\/2023\/12\/Telemarkfestivalen.jpg 400w\" sizes=\"(max-width: 293px) 100vw, 293px\" \/><\/p>\r\n<p style=\"text-align: left;\"><strong>Telemarkfestivalen: Magiske augneblink<\/strong><br \/>kr. 150,-<br \/>Telemarkfestivalen starta opp som internasjonal folkemusikkfestival i 1990. Denne utgjevinga inneheld h\u00f8gdepunkt fr\u00e5 festivalens ti f\u00f8rste \u00e5r \u2013 i solo og samspel.<br \/><br \/><\/p>\r\n<\/td>\r\n<td><img loading=\"lazy\" decoding=\"async\" class=\"alignnone  wp-image-225\" src=\"https:\/\/folkemusikkarkivet.net\/telemark\/wp-content\/uploads\/2023\/12\/Tiriltunga-300x298.jpg\" alt=\"\" width=\"298\" height=\"296\" srcset=\"https:\/\/folkemusikkarkivet.net\/telemark\/wp-content\/uploads\/2023\/12\/Tiriltunga-300x298.jpg 300w, https:\/\/folkemusikkarkivet.net\/telemark\/wp-content\/uploads\/2023\/12\/Tiriltunga-150x150.jpg 150w, https:\/\/folkemusikkarkivet.net\/telemark\/wp-content\/uploads\/2023\/12\/Tiriltunga.jpg 400w\" sizes=\"(max-width: 298px) 100vw, 298px\" \/><br \/><strong><br \/>Tiriltunga: K\u00e5te ungdomsdagar<\/strong><br \/>kr. 170,-<br \/>Folkemusikktrioen Tiriltunga var aktiv p\u00e5 1980- og 90-talet, og gjorde seg s\u00e6rleg bemerka med fleirstemmige vokalarrangement. Denne samleplata blei til i ettertid, og inneheld opptak fr\u00e5 begge plateutgjevingane deira saman med nokre NRK-opptak.<\/td>\r\n<\/tr>\r\n<tr>\r\n<td><img loading=\"lazy\" decoding=\"async\" class=\"alignnone  wp-image-217\" src=\"https:\/\/folkemusikkarkivet.net\/telemark\/wp-content\/uploads\/2023\/12\/myllarspel-300x266.jpg\" alt=\"\" width=\"328\" height=\"291\" srcset=\"https:\/\/folkemusikkarkivet.net\/telemark\/wp-content\/uploads\/2023\/12\/myllarspel-300x266.jpg 300w, https:\/\/folkemusikkarkivet.net\/telemark\/wp-content\/uploads\/2023\/12\/myllarspel.jpg 400w\" sizes=\"(max-width: 328px) 100vw, 328px\" \/><br \/><br \/><strong><br \/>Myllarspel, Landskappleiken 2001<\/strong><br \/>kr. 170,-<br \/>Knut Hamre, Terje Christian Hansen, \u00d8ystein Romtveit, Leiv Solberg og Lars Underdal spelar sl\u00e5ttar i Myllar-tradisjon. Utgjevinga blei til i samband med Landskappleiken p\u00e5 Rauland 2001 og 200-\u00e5rsmarkeringa for Myllarguten.<\/td>\r\n<td>\r\n<p>&nbsp;<\/p>\r\n<p><strong><img loading=\"lazy\" decoding=\"async\" class=\"alignnone size-full wp-image-213\" src=\"https:\/\/folkemusikkarkivet.net\/telemark\/wp-content\/uploads\/2023\/12\/Etterspel.jpg\" alt=\"\" width=\"300\" height=\"301\" srcset=\"https:\/\/folkemusikkarkivet.net\/telemark\/wp-content\/uploads\/2023\/12\/Etterspel.jpg 300w, https:\/\/folkemusikkarkivet.net\/telemark\/wp-content\/uploads\/2023\/12\/Etterspel-150x150.jpg 150w\" sizes=\"(max-width: 300px) 100vw, 300px\" \/><\/strong><\/p>\r\n<p><strong>Heidi L\u00f8vlund: Etterspel<\/strong><br \/>kr. 150,-<br \/>Heidi L\u00f8vlund (1961-1999) var ein markant person i folkemusikkmilj\u00f8et i Telemark. Ho spela p\u00e5 mange strenger, b\u00e5de bokstaveleg og i overf\u00f8rt tyding, og hadde eit sterkt og smittande engasjement. Hovuddelen av plata, som blei gitt ut etter at Heidi d\u00f8ydde, er eit amat\u00f8ropptak fr\u00e5 ein konsert i 1989, der ho utfaldar seg slik berre ho kunne.<\/p>\r\n<\/td>\r\n<\/tr>\r\n<\/tbody>\r\n<\/table>\r\n<\/figure>\r\n\r\n\r\n\r\n<h2 class=\"wp-block-heading\"><strong>B\u00f8ker<\/strong><\/h2>\r\n\r\n\r\n\r\n<figure class=\"wp-block-table\">\r\n<table>\r\n<tbody>\r\n<tr>\r\n<td><img loading=\"lazy\" decoding=\"async\" class=\"alignnone size-medium wp-image-210\" src=\"https:\/\/folkemusikkarkivet.net\/telemark\/wp-content\/uploads\/2023\/12\/boheringspelet-207x300.jpg\" alt=\"\" width=\"173\" height=\"250\" srcset=\"https:\/\/folkemusikkarkivet.net\/telemark\/wp-content\/uploads\/2023\/12\/boheringspelet-207x300.jpg 207w, https:\/\/folkemusikkarkivet.net\/telemark\/wp-content\/uploads\/2023\/12\/boheringspelet.jpg 624w\" sizes=\"(max-width: 173px) 100vw, 173px\" \/><\/td>\r\n<\/tr>\r\n<tr>\r\n<td><strong>Storesund, Asbj\u00f8rn:<\/strong><br \/>B\u00f8heringspelet kr. 450,-<br \/>Hardingfeletradisjonen i B\u00f8 og n\u00e6rliggande distrikt. 378 s. Kr. 450,- Dette er ei samla framstilling av speltradisjonen p\u00e5 hardingfele i B\u00f8 med greiner ut til bygdene ikring. Boka er gitt ut i 2021 og inneheld ein historisk\/biografisk del med omtalar av meir enn hundre ut\u00f8varar, og ein del med gjennomgang av sl\u00e5ttematerialet.<\/td>\r\n<\/tr>\r\n<tr>\r\n<td><img loading=\"lazy\" decoding=\"async\" class=\"alignnone size-medium wp-image-222\" src=\"https:\/\/folkemusikkarkivet.net\/telemark\/wp-content\/uploads\/2023\/12\/spelogdans-221x300.jpg\" alt=\"\" width=\"184\" height=\"250\" srcset=\"https:\/\/folkemusikkarkivet.net\/telemark\/wp-content\/uploads\/2023\/12\/spelogdans-221x300.jpg 221w, https:\/\/folkemusikkarkivet.net\/telemark\/wp-content\/uploads\/2023\/12\/spelogdans.jpg 400w\" sizes=\"(max-width: 184px) 100vw, 184px\" \/>\u00a0<\/td>\r\n<td><img loading=\"lazy\" decoding=\"async\" class=\"alignnone size-full wp-image-220\" src=\"https:\/\/folkemusikkarkivet.net\/telemark\/wp-content\/uploads\/2023\/12\/PerAndersFagernes.jpg\" alt=\"\" width=\"180\" height=\"254\" \/><\/td>\r\n<\/tr>\r\n<tr>\r\n<td><strong>Kaasa, Halvard (red.):<\/strong><br \/>Spel og dans kr. 150,-<br \/>Boka blei gitt ut til Landskappleiken i B\u00f8 1988, som var ei markering av 100-\u00e5rsjubileet for Landskappleiken. Ho inneheld ei samling artiklar om folkemusikksoga i Telemark, skrivne av fleire av fylkets nestorar p\u00e5 omr\u00e5det.<\/td>\r\n<td><strong>L\u00f8nnestad, Kari:<\/strong><br \/>Telemarksviser (inkl. to cd-ar) kr. 450,-<br \/>Folkemusikkarkivet i Telemark har gjort eit utval av viser, stev, b\u00e5nsullar og religi\u00f8se folketonar fr\u00e5 samlinga si til denne utgjevinga, som kom i 2012. Her er notar og tekstar, og lydopptak av alle melodiane p\u00e5 to vedlagte cd\u2019ar. Boka inneheld ogs\u00e5 stoff om songtradisjonen og songkjeldene.<\/td>\r\n<\/tr>\r\n<\/tbody>\r\n<\/table>\r\n<\/figure>\r\n","protected":false},"excerpt":{"rendered":"<p>Folkemusikkarkivet har nokre plater og b\u00f8ker for sal. Kontakt oss om du \u00f8nskjer \u00e5 tinge! Ved utsending blir porto lagt til p\u00e5 fakturaen. CD \u00a0 Sveinung Dalen: HelgKr 180,-Sveinung Dalen var ein av dei fremste spelemennene i Telemark i andre halvdel av 1900-talet. Med denne cd-en har b\u00f8heringen ogs\u00e5 blitt plateartist, i ein alder av [&hellip;]<\/p>\n","protected":false},"author":1,"featured_media":0,"parent":0,"menu_order":0,"comment_status":"closed","ping_status":"closed","template":"","meta":{"_acf_changed":false,"footnotes":""},"class_list":["post-132","page","type-page","status-publish","hentry"],"acf":[],"_links":{"self":[{"href":"https:\/\/folkemusikkarkivet.net\/telemark\/index.php\/wp-json\/wp\/v2\/pages\/132","targetHints":{"allow":["GET"]}}],"collection":[{"href":"https:\/\/folkemusikkarkivet.net\/telemark\/index.php\/wp-json\/wp\/v2\/pages"}],"about":[{"href":"https:\/\/folkemusikkarkivet.net\/telemark\/index.php\/wp-json\/wp\/v2\/types\/page"}],"author":[{"embeddable":true,"href":"https:\/\/folkemusikkarkivet.net\/telemark\/index.php\/wp-json\/wp\/v2\/users\/1"}],"replies":[{"embeddable":true,"href":"https:\/\/folkemusikkarkivet.net\/telemark\/index.php\/wp-json\/wp\/v2\/comments?post=132"}],"version-history":[{"count":15,"href":"https:\/\/folkemusikkarkivet.net\/telemark\/index.php\/wp-json\/wp\/v2\/pages\/132\/revisions"}],"predecessor-version":[{"id":635,"href":"https:\/\/folkemusikkarkivet.net\/telemark\/index.php\/wp-json\/wp\/v2\/pages\/132\/revisions\/635"}],"wp:attachment":[{"href":"https:\/\/folkemusikkarkivet.net\/telemark\/index.php\/wp-json\/wp\/v2\/media?parent=132"}],"curies":[{"name":"wp","href":"https:\/\/api.w.org\/{rel}","templated":true}]}}