{"id":159,"date":"2023-12-05T09:42:14","date_gmt":"2023-12-05T09:42:14","guid":{"rendered":"https:\/\/folkemusikkarkivet.net\/wordpress\/?page_id=159"},"modified":"2025-11-17T15:39:14","modified_gmt":"2025-11-17T14:39:14","slug":"lyd-og-video-2","status":"publish","type":"page","link":"https:\/\/folkemusikkarkivet.net\/telemark\/index.php\/lyd-og-video-2\/","title":{"rendered":"Lyd og video"},"content":{"rendered":"\r\n<p>Opptakssamlinga v\u00e5r omfattar over 25.000 kutt, det meste av dette er lydopptak, ein mindre del er videoopptak. Opptaka er av varierande kvalitet, avhengig av alder, opptakssituasjon, opptaksutstyr som er nytta og alder\/tilstand p\u00e5 ut\u00f8varen.\u2028 Det meste av samlinga er upubliserte opptak, men utgitte fonogram finst ogs\u00e5 i mindre omfang.\u2028<\/p>\r\n\r\n\r\n\r\n<p>Nedanfor kan du s\u00f8ke i katalogen over opptaka, men det er berre nokre f\u00e5 smakebitar fr\u00e5 lydsamlinga som er lagt ut her p\u00e5 nettsida. Dei andre opptaka m\u00e5 du kontakte arkivet for \u00e5 h\u00f8yre.<\/p>\r\n\r\n\r\n\r\n<p><a href=\"https:\/\/folkemusikkarkivet.net\/telemark\/index.php\/lydeksempel\/\" data-type=\"page\" data-id=\"197\">Klikk her for \u00e5 h\u00f8yre lydklipp.<\/a><\/p>\r\n\r\n\r\n\r\n<p>Heile samlinga er tilgjengeleg ved bes\u00f8k i v\u00e5re lokale. Det er gratis \u00e5 bes\u00f8ke oss for \u00e5 sj\u00e5 eller h\u00f8yre opptak. Ta kontakt p\u00e5 f\u00f8rehand for \u00e5 avtale tid. Vi kan kopiere ut opptak dersom vi har l\u00f8yve til det fr\u00e5 ut\u00f8varen. Utkopierte opptak er til privat bruk for mottakaren og kan ikkje kopierast vidare til andre. Evt. annan bruk m\u00e5 ein avtale spesielt. Vi leverer ut enkeltkutt som mp3-filer, til kr. 10,- pr. stk. Vi kan ogs\u00e5 levere opptak p\u00e5 cd, til kr. 100,- pr. plate + kr. 1,- pr. minutt innspeling.\u2028 Evt. frakt\/porto ved utsending kjem i tillegg. \u2028<\/p>\r\n\r\n\r\n\r\n<h3 class=\"wp-block-heading\">S\u00f8k i katalogen<\/h3>\r\n\r\n\r\n\r\n<p>Du kan s\u00f8ke p\u00e5 meloditittel eller namn p\u00e5 ut\u00f8var. Skriv inn heile tittelen eller heile namnet (Etternamn, Fornamn) i s\u00f8kefeltet, eller berre del av i tittelen, fornamn eller etternamn. Klikk deretter p\u00e5 vis-knappen.<\/p>\r\n\r\n\r\n\r\n<p>Enkelte ut\u00f8varar er representerte med fleire instrument eller roller. Ved s\u00f8k p\u00e5 desse vil alternativa kome opp og du kan g\u00e5 vidare til det du ynskjer \u00e5 sj\u00e5. Valget &#8220;anna&#8221; kan tyde fleire ting. Det kan vera at ut\u00f8varen er dansar, da er det titlane p\u00e5 sl\u00e5ttane som blir spela, ein f\u00e5r opp. Det kan ogs\u00e5 vera at personen er registrert som tradisjonskjelde, komponist, forfattar m.m. Opptaka som er registrerte under &#8220;anna&#8221; kan derfor vere med andre ut\u00f8varar enn den du har s\u00f8kt p\u00e5. Enkelte personar kan vere registrerte utan at det er opptak knytt til dei.<\/p>\r\n<div id=\"katalogsok-resultat-anker\"><\/div><div class=\"arkiv-search-container\"><div class=\"arkiv-search-form\"><form action=\"https:\/\/folkemusikkarkivet.net\/telemark\/index.php\/lyd-og-video-2\/#katalogsok-resultat-anker\" method=\"POST\" class=\"search-title-form\"><label for=\"tittel\"><strong>S\u00f8k p\u00e5 tittel:<\/strong><\/label><input type=\"text\" id=\"tittel\" name=\"tittel\" class=\"search-input\" value=\"\"><input type=\"submit\" name=\"B1\" value=\"Vis\"><\/form><form action=\"https:\/\/folkemusikkarkivet.net\/telemark\/index.php\/lyd-og-video-2\/#katalogsok-resultat-anker\" method=\"POST\" class=\"search-utovar-form\"><label for=\"utovar\"><strong>S\u00f8k p\u00e5 ut\u00f8var:<\/strong><\/label><input type=\"text\" id=\"utovar\" name=\"utovar\" class=\"search-input\" value=\"\"><input type=\"submit\" name=\"identitet\" value=\"Vis\"><\/form><\/div><\/div><BR><BR>","protected":false},"excerpt":{"rendered":"<p>Opptakssamlinga v\u00e5r omfattar over 25.000 kutt, det meste av dette er lydopptak, ein mindre del er videoopptak. Opptaka er av varierande kvalitet, avhengig av alder, opptakssituasjon, opptaksutstyr som er nytta og alder\/tilstand p\u00e5 ut\u00f8varen.\u2028 Det meste av samlinga er upubliserte opptak, men utgitte fonogram finst ogs\u00e5 i mindre omfang.\u2028 Nedanfor kan du s\u00f8ke i katalogen [&hellip;]<\/p>\n","protected":false},"author":1,"featured_media":0,"parent":0,"menu_order":0,"comment_status":"closed","ping_status":"closed","template":"","meta":{"_acf_changed":false,"footnotes":""},"class_list":["post-159","page","type-page","status-publish","hentry"],"acf":[],"_links":{"self":[{"href":"https:\/\/folkemusikkarkivet.net\/telemark\/index.php\/wp-json\/wp\/v2\/pages\/159","targetHints":{"allow":["GET"]}}],"collection":[{"href":"https:\/\/folkemusikkarkivet.net\/telemark\/index.php\/wp-json\/wp\/v2\/pages"}],"about":[{"href":"https:\/\/folkemusikkarkivet.net\/telemark\/index.php\/wp-json\/wp\/v2\/types\/page"}],"author":[{"embeddable":true,"href":"https:\/\/folkemusikkarkivet.net\/telemark\/index.php\/wp-json\/wp\/v2\/users\/1"}],"replies":[{"embeddable":true,"href":"https:\/\/folkemusikkarkivet.net\/telemark\/index.php\/wp-json\/wp\/v2\/comments?post=159"}],"version-history":[{"count":22,"href":"https:\/\/folkemusikkarkivet.net\/telemark\/index.php\/wp-json\/wp\/v2\/pages\/159\/revisions"}],"predecessor-version":[{"id":626,"href":"https:\/\/folkemusikkarkivet.net\/telemark\/index.php\/wp-json\/wp\/v2\/pages\/159\/revisions\/626"}],"wp:attachment":[{"href":"https:\/\/folkemusikkarkivet.net\/telemark\/index.php\/wp-json\/wp\/v2\/media?parent=159"}],"curies":[{"name":"wp","href":"https:\/\/api.w.org\/{rel}","templated":true}]}}