{"id":175,"date":"2023-12-05T09:50:58","date_gmt":"2023-12-05T09:50:58","guid":{"rendered":"https:\/\/folkemusikkarkivet.net\/wordpress\/?page_id=175"},"modified":"2026-02-25T09:40:43","modified_gmt":"2026-02-25T08:40:43","slug":"om-oss","status":"publish","type":"page","link":"https:\/\/folkemusikkarkivet.net\/telemark\/index.php\/om-oss\/","title":{"rendered":"Om oss"},"content":{"rendered":"\r\n<p>Sidan 1980-talet har det blitt drive m\u00e5lretta innsamling av folkemusikk i Telemark. Dei f\u00f8rste \u00e5ra blei innsamlinga drive p\u00e5 prosjektbasis, med midlar l\u00f8yvde av Telemark fylkeskommune fr\u00e5 \u00e5r til \u00e5r. I 1999 etablerte fylkeskommunen Folkemusikkarkivet i Telemark med fast drift. Det er fylkeskommunen og kommunane som finansierer drifta av arkivet, som er lagt til Vestfold og Telemark kulturnettverk.<\/p>\r\n\r\n\r\n\r\n<p>Arkivet driv framleis innsamling over heile fylket, dels ved eige dokumentasjonsarbeid og dels ved \u00e5 ta imot materiale fr\u00e5 andre. Over tid er det bygd opp ei variert samling av og om folkemusikk og -dans i Telemark.<\/p>\r\n\r\n\r\n\r\n<p>Alle interesserte kan f\u00e5 tilgang til samlinga ved \u00e5 kontakte arkivet.\u00a0Vi l\u00e5ner ikkje ut materiale, men du kan kome til oss og sj\u00e5 eller h\u00f8yre det du er interessert i, kostnadsfritt. Er du ute etter konkrete opptak, kan du i mange tilfelle f\u00e5 ut kopiar, mot ein rimeleg kostnad.\u00a0Det gjeld dersom ut\u00f8varen har gitt l\u00f8yve til det.\u00a0<\/p>\r\n\r\n\r\n\r\n<p>Ynskjer du \u00e5 bes\u00f8ke arkivet, er det ein fordel \u00e5 ta kontakt p\u00e5 f\u00f8rehand for \u00e5 gjera avtale.\u2028 D\u00e5 veit du at vi er til stades, og vi kan finne fram materiale til du kjem.<\/p>\r\n\r\n\r\n\r\n<p>Arkivet\u00a0held til\u2028 i Gullbring Kulturanlegg i B\u00f8, saman med fleire andre kulturakt\u00f8rar. Det blir leia av Kari L\u00f8nnestad, og ho er \u00e5 treffe dei fleste dagar i vanleg kontortid.\u2028\u2028<\/p>\r\n\r\n\r\n\r\n<p>Postadresse:<\/p>\r\n\r\n\r\n\r\n<p>Folkemusikkarkivet i Telemark<\/p>\r\n\r\n\r\n\r\n<p>Gullbringvegen 34<\/p>\r\n\r\n\r\n\r\n<p>3800 B\u00f8 i Telemark<\/p>\r\n\r\n\r\n\r\n<p>Tlf. 483 92 045<\/p>\r\n\r\n\r\n\r\n<p>Epost: boe@folkemusikkarkivet.net<\/p>\r\n\r\n\r\n\r\n<p>&nbsp;<\/p>\r\n","protected":false},"excerpt":{"rendered":"<p>Sidan 1980-talet har det blitt drive m\u00e5lretta innsamling av folkemusikk i Telemark. Dei f\u00f8rste \u00e5ra blei innsamlinga drive p\u00e5 prosjektbasis, med midlar l\u00f8yvde av Telemark fylkeskommune fr\u00e5 \u00e5r til \u00e5r. I 1999 etablerte fylkeskommunen Folkemusikkarkivet i Telemark med fast drift. Det er fylkeskommunen og kommunane som finansierer drifta av arkivet, som er lagt til Vestfold [&hellip;]<\/p>\n","protected":false},"author":1,"featured_media":0,"parent":0,"menu_order":0,"comment_status":"closed","ping_status":"closed","template":"","meta":{"_acf_changed":false,"footnotes":""},"class_list":["post-175","page","type-page","status-publish","hentry"],"acf":[],"_links":{"self":[{"href":"https:\/\/folkemusikkarkivet.net\/telemark\/index.php\/wp-json\/wp\/v2\/pages\/175","targetHints":{"allow":["GET"]}}],"collection":[{"href":"https:\/\/folkemusikkarkivet.net\/telemark\/index.php\/wp-json\/wp\/v2\/pages"}],"about":[{"href":"https:\/\/folkemusikkarkivet.net\/telemark\/index.php\/wp-json\/wp\/v2\/types\/page"}],"author":[{"embeddable":true,"href":"https:\/\/folkemusikkarkivet.net\/telemark\/index.php\/wp-json\/wp\/v2\/users\/1"}],"replies":[{"embeddable":true,"href":"https:\/\/folkemusikkarkivet.net\/telemark\/index.php\/wp-json\/wp\/v2\/comments?post=175"}],"version-history":[{"count":4,"href":"https:\/\/folkemusikkarkivet.net\/telemark\/index.php\/wp-json\/wp\/v2\/pages\/175\/revisions"}],"predecessor-version":[{"id":638,"href":"https:\/\/folkemusikkarkivet.net\/telemark\/index.php\/wp-json\/wp\/v2\/pages\/175\/revisions\/638"}],"wp:attachment":[{"href":"https:\/\/folkemusikkarkivet.net\/telemark\/index.php\/wp-json\/wp\/v2\/media?parent=175"}],"curies":[{"name":"wp","href":"https:\/\/api.w.org\/{rel}","templated":true}]}}