{"id":197,"date":"2023-12-05T10:08:57","date_gmt":"2023-12-05T10:08:57","guid":{"rendered":"https:\/\/folkemusikkarkivet.net\/wordpress\/?page_id=197"},"modified":"2023-12-05T10:08:58","modified_gmt":"2023-12-05T10:08:58","slug":"lydeksempel","status":"publish","type":"page","link":"https:\/\/folkemusikkarkivet.net\/telemark\/index.php\/lydeksempel\/","title":{"rendered":"Lydeksempel"},"content":{"rendered":"\n<p>Her kan du h\u00f8yre nokre lydklipp fr\u00e5 arkivet.<br>Avspelinga startar n\u00e5r du klikkar p\u00e5 lenka.<\/p>\n\n\n\n<p>Ingebj\u00f8rg Bakken, Vinje, vokal:&nbsp;<a href=\"http:\/\/www.folkemusikkarkivet.net\/telemark\/musikk\/Egsithersomstengd.mp3\">Eg sit her som stengd i eit fengsel<\/a>. Opptak udatert.<\/p>\n\n\n\n<p>Gunnulf Borgen, B\u00f8, hardingfele:&nbsp;<a href=\"http:\/\/www.folkemusikkarkivet.net\/telemark\/musikk\/Igletveiten.mp3\">Igletveiten<\/a>. Opptak 1939.<\/p>\n\n\n\n<p>Aslak Brekke, Vinje, vokal:&nbsp;<a href=\"http:\/\/www.folkemusikkarkivet.net\/telemark\/musikk\/Gjetarguten.mp3\">Gjetarguten<\/a>. Opptak 1958.<br>Aslak Brekke, Vinje, vokal og Eivind Groven, L\u00e5rdal\/Oslo, orgel:&nbsp;<a href=\"http:\/\/www.folkemusikkarkivet.net\/telemark\/musikk\/Storlivisa.mp3\">Storlivisa<\/a>. Opptak 1930-talet.<\/p>\n\n\n\n<p>Gunnar Dahle, Tinn, hardingfele:&nbsp;<a href=\"http:\/\/www.folkemusikkarkivet.net\/telemark\/musikk\/GjerkiHaukeland.mp3\">Gjerki Haukeland<\/a>. Udatert.<br>Gunnar Dahle, Tinn, hardingfele:&nbsp;<a href=\"http:\/\/www.folkemusikkarkivet.net\/telemark\/musikk\/Vaaen.mp3\">V\u00e5en<\/a>. Opptak 1968.<\/p>\n\n\n\n<p>Johannes Dahle, Tinn, hardingfele:&nbsp;<a href=\"http:\/\/www.folkemusikkarkivet.net\/telemark\/musikk\/Herheime.mp3\">Her heime<\/a>. Opptak 1957.<br>Johannes Dahle, Tinn, hardingfele:&nbsp;<a href=\"http:\/\/www.folkemusikkarkivet.net\/telemark\/musikk\/GangareHGiboen.mp3\">Gangar etter H\u00e5vard Gib\u00f8en<\/a>. Opptak 1957.<\/p>\n\n\n\n<p>Knut Dahle, Tinn, hardingfele:&nbsp;<a href=\"http:\/\/www.folkemusikkarkivet.net\/telemark\/musikk\/RotneimsKnut.mp3\">Rotneims-Knut<\/a>. Opptak 1912.<\/p>\n\n\n\n<p>Olav Evju, Sauherad, hardingfele:&nbsp;<a href=\"http:\/\/www.folkemusikkarkivet.net\/telemark\/musikk\/Moellarguten.mp3\">M\u00f8llarguten<\/a>. Opptak 1960-talet.<\/p>\n\n\n\n<p>Margit Finnek\u00e5sa, Gransherad, vokal:&nbsp;<a href=\"http:\/\/www.folkemusikkarkivet.net\/telemark\/musikk\/Fuglevisa.mp3\">Fuglevisa<\/a>. Opptak 1975.<br>Margit Finnek\u00e5sa, Gransherad, vokal:&nbsp;<a href=\"http:\/\/www.folkemusikkarkivet.net\/telemark\/musikk\/Jornsalemakar.mp3\">J\u00f8rn Salemakar<\/a>. Opptak 1975.<\/p>\n\n\n\n<p>Hans Gampedalen, Heddal, vokal:&nbsp;<a href=\"http:\/\/www.folkemusikkarkivet.net\/telemark\/musikk\/Min%20pipa.mp3\">Min pipe<\/a>. Opptak 1978.<\/p>\n\n\n\n<p>Eivind Groven, L\u00e5rdal\/Oslo, seljefl\u00f8yte:&nbsp;<a href=\"http:\/\/www.folkemusikkarkivet.net\/telemark\/musikk\/Tveitanvisa.mp3\">Tveitanvisa<\/a>.<\/p>\n\n\n\n<p>Gjermund Haugen, Notodden, hardingfele:&nbsp;<a href=\"http:\/\/www.folkemusikkarkivet.net\/telemark\/musikk\/GjHUrgjen.mp3\">Urgjen<\/a>. Opptak 1957.<\/p>\n\n\n\n<p>Olav Haugen, B\u00f8\/Notodden, vokal:&nbsp;<a href=\"http:\/\/www.folkemusikkarkivet.net\/telemark\/musikk\/Presentasjonsstev.mp3\">Presentasjonsstev<\/a>. Opptak 1989.<br>Olav Haugen, B\u00f8\/Notodden, vokal:&nbsp;<a href=\"http:\/\/www.folkemusikkarkivet.net\/telemark\/musikk\/Pernille.mp3\">Pernille<\/a>. Opptak 1989.<\/p>\n\n\n\n<p>Torkjell Haugerud, Seljord, hardingfele:&nbsp;<a href=\"http:\/\/www.folkemusikkarkivet.net\/telemark\/musikk\/Gauken.mp3\">Gauken<\/a>. Opptak 1935.<br>Torkjell Haugerud, Seljord, hardingfele:&nbsp;<a href=\"http:\/\/www.folkemusikkarkivet.net\/telemark\/musikk\/Ligangaren.mp3\">Ligangaren<\/a>. Opptak 1954.<\/p>\n\n\n\n<p>Bjarne Herrefoss, B\u00f8\/Skafs\u00e5, hardingfele:&nbsp;<a href=\"http:\/\/www.folkemusikkarkivet.net\/telemark\/musikk\/Skuldalsbrura.mp3\">Skuldalsbrura<\/a>. Opptak 1981.<\/p>\n\n\n\n<p>Hagny Huso, Vinje, vokal:&nbsp;<a href=\"http:\/\/www.folkemusikkarkivet.net\/telemark\/musikk\/Maalfridmifruve.mp3\">M\u00e5lfrid mi fruve<\/a>. Opptak 1998.<br>Hagny Huso, Vinje, vokal:&nbsp;<a href=\"http:\/\/www.folkemusikkarkivet.net\/telemark\/musikk\/Hanningkanning.mp3\">Sulli lulli hanning kanning<\/a>. Opptak 1998.<\/p>\n\n\n\n<p>Bjarne Lindskog, Skien, vokal:&nbsp;<a href=\"http:\/\/www.folkemusikkarkivet.net\/telemark\/musikk\/Liljaidalen.mp3\">Lilja i dalen<\/a>. Opptak udatert.<\/p>\n\n\n\n<p>Kristiane Lund, B\u00f8, hardingfele:&nbsp;<a href=\"http:\/\/www.folkemusikkarkivet.net\/telemark\/musikk\/Havardsdraum.mp3\">H\u00e5vard Gib\u00f8ens draum.<\/a>&nbsp;Opptak udatert.<br><a href=\"http:\/\/www.folkemusikkarkivet.net\/telemark\/musikk\/Havardsdraum.mp3\"><\/a><br>Kjetil L\u00f8ndal, Tuddal\/Oslo, hardingfele:&nbsp;<a href=\"http:\/\/www.folkemusikkarkivet.net\/telemark\/musikk\/Ringjaren.mp3\">Ringjaren<\/a>. Opptak 1972.<\/p>\n\n\n\n<p>Eivind Mo, Seljord, hardingfele:&nbsp;<a href=\"http:\/\/www.folkemusikkarkivet.net\/telemark\/musikk\/Katereiar.mp3\">K\u00e5te Reiar<\/a>. Opptak 1980.<\/p>\n\n\n\n<p>Leif Neset, Modalen\/Seljord\/Skien, hardingfele:&nbsp;<a href=\"http:\/\/www.folkemusikkarkivet.net\/telemark\/musikk\/Fjellmannjenta.mp3\">Fjellmannjenta<\/a>. Opptak 2001.<\/p>\n\n\n\n<p>Signe Flatin Neset, Seljord, hardingfele:&nbsp;<a href=\"http:\/\/www.folkemusikkarkivet.net\/telemark\/musikk\/GuroLomodden.mp3\">Guro Lomodden<\/a>. Opptak 1959.<br>Signe Flatin Neset, Seljord, hardingfele:&nbsp;<a href=\"http:\/\/www.folkemusikkarkivet.net\/telemark\/musikk\/SpreEilevSmedal.mp3\">Springar etter Eilev Smedal<\/a>. Opptak 1959.<\/p>\n\n\n\n<p>Aslaug Roe, B\u00f8, vokal:&nbsp;<a href=\"http:\/\/www.folkemusikkarkivet.net\/telemark\/musikk\/Guttenogmannen.mp3\">Gutten og mannen<\/a>. Opptak 1919.<\/p>\n\n\n\n<p>Anund Roheim, B\u00f8, hardingfele:&nbsp;<a href=\"http:\/\/www.folkemusikkarkivet.net\/telemark\/musikk\/Markensmondagen.mp3\">Markensm\u00e5ndagen<\/a>. Opptak 1950-talet.<br>Anund Roheim, B\u00f8, hardingfele:&nbsp;<a href=\"http:\/\/www.folkemusikkarkivet.net\/telemark\/musikk\/Siklebekken.mp3\">Siklebekken<\/a>. Opptak 1950-talet.<\/p>\n\n\n\n<p>Talleiv R\u00f8ysland, L\u00e5rdal, vokal:&nbsp;<a href=\"http:\/\/www.folkemusikkarkivet.net\/telemark\/musikk\/Laurdagskvelden.mp3\">Laurdagskvelden<\/a>. Opptak 1958.<\/p>\n\n\n\n<p>Anders Schulze, Sannidal, vanleg fele:&nbsp;<a href=\"http:\/\/www.folkemusikkarkivet.net\/telemark\/musikk\/Skotsk.mp3\">Skotsk<\/a>. Opptak ca 1955.<\/p>\n\n\n\n<p>Eilev Smedal, Seljord, hardingfele:&nbsp;<a href=\"http:\/\/www.folkemusikkarkivet.net\/telemark\/musikk\/Sindroen.mp3\">Sindroen<\/a>. Opptak 1936.<\/p>\n\n\n\n<p>H\u00f8ye Strand, Seljord, vokal:&nbsp;<a href=\"http:\/\/www.folkemusikkarkivet.net\/telemark\/musikk\/Villemann.mp3\">Villemann og Magnhild<\/a>. Opptak 1962.<\/p>\n\n\n\n<p>J\u00f8rgen Tj\u00f8nnstaul, Rauland, hardingfele:&nbsp;<a href=\"http:\/\/www.folkemusikkarkivet.net\/telemark\/musikk\/Foernesbronen.mp3\">F\u00f8rnesbrunen<\/a>. Opptak 1950-talet.<\/p>\n\n\n\n<p>Olav \u00d8yaland, Tinn, hardingfele:&nbsp;<a href=\"http:\/\/www.folkemusikkarkivet.net\/telemark\/musikk\/Eingodlaatt.mp3\">Ein god l\u00e5tt<\/a>. Opptak 1994.<\/p>\n","protected":false},"excerpt":{"rendered":"<p>Her kan du h\u00f8yre nokre lydklipp fr\u00e5 arkivet.Avspelinga startar n\u00e5r du klikkar p\u00e5 lenka. Ingebj\u00f8rg Bakken, Vinje, vokal:&nbsp;Eg sit her som stengd i eit fengsel. Opptak udatert. Gunnulf Borgen, B\u00f8, hardingfele:&nbsp;Igletveiten. Opptak 1939. Aslak Brekke, Vinje, vokal:&nbsp;Gjetarguten. Opptak 1958.Aslak Brekke, Vinje, vokal og Eivind Groven, L\u00e5rdal\/Oslo, orgel:&nbsp;Storlivisa. Opptak 1930-talet. Gunnar Dahle, Tinn, hardingfele:&nbsp;Gjerki Haukeland. Udatert.Gunnar [&hellip;]<\/p>\n","protected":false},"author":1,"featured_media":0,"parent":0,"menu_order":0,"comment_status":"closed","ping_status":"closed","template":"","meta":{"_acf_changed":false,"footnotes":""},"class_list":["post-197","page","type-page","status-publish","hentry"],"acf":[],"_links":{"self":[{"href":"https:\/\/folkemusikkarkivet.net\/telemark\/index.php\/wp-json\/wp\/v2\/pages\/197","targetHints":{"allow":["GET"]}}],"collection":[{"href":"https:\/\/folkemusikkarkivet.net\/telemark\/index.php\/wp-json\/wp\/v2\/pages"}],"about":[{"href":"https:\/\/folkemusikkarkivet.net\/telemark\/index.php\/wp-json\/wp\/v2\/types\/page"}],"author":[{"embeddable":true,"href":"https:\/\/folkemusikkarkivet.net\/telemark\/index.php\/wp-json\/wp\/v2\/users\/1"}],"replies":[{"embeddable":true,"href":"https:\/\/folkemusikkarkivet.net\/telemark\/index.php\/wp-json\/wp\/v2\/comments?post=197"}],"version-history":[{"count":1,"href":"https:\/\/folkemusikkarkivet.net\/telemark\/index.php\/wp-json\/wp\/v2\/pages\/197\/revisions"}],"predecessor-version":[{"id":198,"href":"https:\/\/folkemusikkarkivet.net\/telemark\/index.php\/wp-json\/wp\/v2\/pages\/197\/revisions\/198"}],"wp:attachment":[{"href":"https:\/\/folkemusikkarkivet.net\/telemark\/index.php\/wp-json\/wp\/v2\/media?parent=197"}],"curies":[{"name":"wp","href":"https:\/\/api.w.org\/{rel}","templated":true}]}}