{"id":25,"date":"2023-11-13T08:27:57","date_gmt":"2023-11-13T08:27:57","guid":{"rendered":"https:\/\/folkemusikkarkivet.net\/wordpress\/?page_id=25"},"modified":"2025-11-11T13:16:40","modified_gmt":"2025-11-11T12:16:40","slug":"skriftsamling","status":"publish","type":"page","link":"https:\/\/folkemusikkarkivet.net\/telemark\/index.php\/skriftsamling\/","title":{"rendered":"Skriftsamling"},"content":{"rendered":"\r\n<p>Folkemusikkarkivet har over 10 000 registrerte artiklar og andre trykte dokument om folkemusikk og ut\u00f8varar, hovudsakleg i Telemark. Her finst informasjon om musikk og dans fr\u00e5 langt attende i tida og fram til i dag.<br \/>Hovudtyngda av dette materialet er avisartiklar, men her finst ogs\u00e5 andre artiklar, b\u00f8ker, sm\u00e5trykk og diverse anna skriftleg materiale. Vidare har vi dei fleste utg\u00e5vene av Spelemannsbladet, samt fleire andre tidsskrift, men dette materialet er ikkje lagt inn i katalogen.<br \/>Nedanfor kan du s\u00f8ke i skriftkatalogen. Her kan du finne ut kva arkivet har om det emnet du er interessert i, men du kan ikkje sj\u00e5 sj\u00f8lve materialet her p\u00e5 nettsida. Ta kontakt om det noko du \u00f8nsker \u00e5 sj\u00e5, eller om du \u00f8nsker \u00e5 bes\u00f8ke arkivet.<\/p>\r\n\r\n<p>&nbsp;<\/p>\r\n<table width=\"600\" border=\"0\" cellpadding=\"1\" cellspacing=\"1\" class=\"tekst\"><tr><td width=\"300\" align=\"center\"><form action=\"\" method=\"GET\"><strong>S\u00f8k i skriftsamlinga: <\/strong><input type=\"hidden\" name=\"p\" value=\"25\"><input type=\"text\" size=\"15\" name=\"tittel\" value=\"\"><input type=\"submit\" name=\"B1\" value=\"Vis\"><\/form><\/td><\/tr><\/table><br><br>","protected":false},"excerpt":{"rendered":"<p>Folkemusikkarkivet har over 10 000 registrerte artiklar og andre trykte dokument om folkemusikk og ut\u00f8varar, hovudsakleg i Telemark. Her finst informasjon om musikk og dans fr\u00e5 langt attende i tida og fram til i dag.Hovudtyngda av dette materialet er avisartiklar, men her finst ogs\u00e5 andre artiklar, b\u00f8ker, sm\u00e5trykk og diverse anna skriftleg materiale. Vidare har [&hellip;]<\/p>\n","protected":false},"author":1,"featured_media":0,"parent":0,"menu_order":0,"comment_status":"closed","ping_status":"closed","template":"","meta":{"_acf_changed":false,"footnotes":""},"class_list":["post-25","page","type-page","status-publish","hentry"],"acf":[],"_links":{"self":[{"href":"https:\/\/folkemusikkarkivet.net\/telemark\/index.php\/wp-json\/wp\/v2\/pages\/25","targetHints":{"allow":["GET"]}}],"collection":[{"href":"https:\/\/folkemusikkarkivet.net\/telemark\/index.php\/wp-json\/wp\/v2\/pages"}],"about":[{"href":"https:\/\/folkemusikkarkivet.net\/telemark\/index.php\/wp-json\/wp\/v2\/types\/page"}],"author":[{"embeddable":true,"href":"https:\/\/folkemusikkarkivet.net\/telemark\/index.php\/wp-json\/wp\/v2\/users\/1"}],"replies":[{"embeddable":true,"href":"https:\/\/folkemusikkarkivet.net\/telemark\/index.php\/wp-json\/wp\/v2\/comments?post=25"}],"version-history":[{"count":10,"href":"https:\/\/folkemusikkarkivet.net\/telemark\/index.php\/wp-json\/wp\/v2\/pages\/25\/revisions"}],"predecessor-version":[{"id":621,"href":"https:\/\/folkemusikkarkivet.net\/telemark\/index.php\/wp-json\/wp\/v2\/pages\/25\/revisions\/621"}],"wp:attachment":[{"href":"https:\/\/folkemusikkarkivet.net\/telemark\/index.php\/wp-json\/wp\/v2\/media?parent=25"}],"curies":[{"name":"wp","href":"https:\/\/api.w.org\/{rel}","templated":true}]}}