{"id":26,"date":"2023-11-13T08:27:57","date_gmt":"2023-11-13T08:27:57","guid":{"rendered":"https:\/\/folkemusikkarkivet.net\/wordpress\/?page_id=26"},"modified":"2025-11-11T12:44:56","modified_gmt":"2025-11-11T11:44:56","slug":"fotosamling","status":"publish","type":"page","link":"https:\/\/folkemusikkarkivet.net\/telemark\/index.php\/fotosamling\/","title":{"rendered":"Fotosamling"},"content":{"rendered":"\r\n<p>Folkemusikkarkivet i Telemark har pr. i dag inga stor fotosamling. Men noko f\u00e5r vi inn fr\u00e5 tid til annan, og p\u00e5 sikt er det \u00f8nskeleg \u00e5 bygge opp ei variert samling foto med tilknyting til folkemusikken i fylket. Vi tar derfor gjerne imot foto.<\/p>\r\n\r\n\r\n\r\n<p>Ta kontakt med arkivet dersom du har foto du kan tenke deg \u00e5 l\u00e5ne ut, eller dersom du er p\u00e5 jakt etter bestemte foto.<\/p>\r\n","protected":false},"excerpt":{"rendered":"<p>Folkemusikkarkivet i Telemark har pr. i dag inga stor fotosamling. Men noko f\u00e5r vi inn fr\u00e5 tid til annan, og p\u00e5 sikt er det \u00f8nskeleg \u00e5 bygge opp ei variert samling foto med tilknyting til folkemusikken i fylket. Vi tar derfor gjerne imot foto. Ta kontakt med arkivet dersom du har foto du kan tenke [&hellip;]<\/p>\n","protected":false},"author":1,"featured_media":0,"parent":0,"menu_order":0,"comment_status":"closed","ping_status":"closed","template":"","meta":{"_acf_changed":false,"footnotes":""},"class_list":["post-26","page","type-page","status-publish","hentry"],"acf":[],"_links":{"self":[{"href":"https:\/\/folkemusikkarkivet.net\/telemark\/index.php\/wp-json\/wp\/v2\/pages\/26","targetHints":{"allow":["GET"]}}],"collection":[{"href":"https:\/\/folkemusikkarkivet.net\/telemark\/index.php\/wp-json\/wp\/v2\/pages"}],"about":[{"href":"https:\/\/folkemusikkarkivet.net\/telemark\/index.php\/wp-json\/wp\/v2\/types\/page"}],"author":[{"embeddable":true,"href":"https:\/\/folkemusikkarkivet.net\/telemark\/index.php\/wp-json\/wp\/v2\/users\/1"}],"replies":[{"embeddable":true,"href":"https:\/\/folkemusikkarkivet.net\/telemark\/index.php\/wp-json\/wp\/v2\/comments?post=26"}],"version-history":[{"count":2,"href":"https:\/\/folkemusikkarkivet.net\/telemark\/index.php\/wp-json\/wp\/v2\/pages\/26\/revisions"}],"predecessor-version":[{"id":209,"href":"https:\/\/folkemusikkarkivet.net\/telemark\/index.php\/wp-json\/wp\/v2\/pages\/26\/revisions\/209"}],"wp:attachment":[{"href":"https:\/\/folkemusikkarkivet.net\/telemark\/index.php\/wp-json\/wp\/v2\/media?parent=26"}],"curies":[{"name":"wp","href":"https:\/\/api.w.org\/{rel}","templated":true}]}}