{"id":349,"date":"2025-07-03T17:19:28","date_gmt":"2025-07-03T16:19:28","guid":{"rendered":"https:\/\/folkemusikkarkivet.net\/wordpress\/?page_id=349"},"modified":"2025-11-12T10:49:20","modified_gmt":"2025-11-12T09:49:20","slug":"ballader","status":"publish","type":"page","link":"https:\/\/folkemusikkarkivet.net\/telemark\/index.php\/ballader\/","title":{"rendered":"Balladar"},"content":{"rendered":"<p style=\"font-weight: 400;\">Balladar er episke, dvs forteljande viser, med r\u00f8ter i mellomalderen. Ordet ballade betyr dansevise, og det kan vera grunn til \u00e5 tru at ein har dansa til desse visene i Noreg i eldre tid, men dette finst det ikkje sikker dokumentasjon p\u00e5. I den norske tradisjonen vi kjenner i dag, kan balladane ofte bli sunge med ein ganske fri rytmikk, som ikkje passar til dans. Spr\u00e5ket kan verke gamalmodig og framandt, men g\u00e5r ein litt inn i tekstene, ser ein at historiene som blir fortalde, kan vera spennande og dramatiske, men ogs\u00e5 skjemtande. Ofte har balladane mange vers, men ettersom dei er overlevert i munnleg tradisjon, varierer det kor mange vers den enkelte kvedaren har kunna. Balladane har faste verseformer, det vanlegaste er tolinja eller firelinja vers med enderim. Vanlegvis har visene omkved etter tekstlinjene, dei tolinja versa kan ogs\u00e5 ha omkved mellom tekstlinjene.<\/p>\n<p style=\"font-weight: 400;\">Mange av balladane finst i fleire land i Europa, og det finst eit internasjonalt system for registrering av balladetypar, kalla TSB-katalogen. I lista nedanfor er nummeret i TSB-katalogen tatt med. I norsk samanheng har Telemark vore spesielt rikt p\u00e5 balladar. Da forskarar tok til \u00e5 samle inn folkeminne p\u00e5 1800-talet, var denne delen av songtradisjonen alt p\u00e5 hell, men likevel fann dei, og skreiv opp, mange balladar hos kvedarane i bygdene v\u00e5re, spesielt i Vest-Telemark.<\/p>\n<p style=\"font-weight: 400;\">I opptakssamlinga v\u00e5r finst det b\u00e5de eldre og nyare opptak av balladar. Her har vi samla og lagt ut dei opptaka som har falle i det fri. Dei eldste er fr\u00e5 Rikard Berge sine fonografopptak fr\u00e5 1912-1922. Desse kan ha ein del st\u00f8y, nokre ogs\u00e5 hakk. Det er i det heile varierande teknisk kvalitet, som vanleg er med arkivopptak. Visene er ordna alfabetisk etter tittel, og du kan h\u00f8yre opptaka ved \u00e5 klikke p\u00e5 lenkene.<\/p>\n<p><a href=\"https:\/\/folkemusikkarkivet.net\/telemark\/wp-content\/uploads\/2025\/09\/Agnetaoghavmannen_BritaBratland.mp3\">Agnete og havmannen, Brita Bratland, Edland. A47<\/a><\/p>\n<p><a href=\"https:\/\/folkemusikkarkivet.net\/telemark\/wp-content\/uploads\/2025\/09\/Agnetaoghavmannen_MargitTveiten.mp3\">Agnete og havmannen, Margit Tveiten, Grungedal. A47<\/a><\/p>\n<p><a href=\"https:\/\/folkemusikkarkivet.net\/telemark\/wp-content\/uploads\/2025\/09\/Beiarblakken_HakonUnderdal.mp3\">Beiarblakken, H\u00e5kon Underdal, Vinje\/Fl\u00e5bygd. A39<\/a><\/p>\n<p><a href=\"https:\/\/folkemusikkarkivet.net\/telemark\/wp-content\/uploads\/2025\/09\/BendikogArolilja_ToraRaknes.mp3\">Bendik og \u00c5rolilja, Tora Raknes, Kviteseid\/Oslo. D432<\/a><\/p>\n<p><a href=\"https:\/\/folkemusikkarkivet.net\/telemark\/wp-content\/uploads\/2025\/09\/BendikogArolilja_KariDale.mp3\">Bendik og \u00c5rolilja, Kari Dale, Seljord. D432<\/a><\/p>\n<p><a href=\"https:\/\/folkemusikkarkivet.net\/telemark\/wp-content\/uploads\/2025\/09\/Deifrearlausemenn_MargitTveiten.mp3\">Dei frearlause menn, Margit Tveiten, Grungedal. B26<\/a><\/p>\n<p><a href=\"https:\/\/folkemusikkarkivet.net\/telemark\/wp-content\/uploads\/2025\/09\/Deifrearlausemenn_SveinTveiten.mp3\">Dei frearlause menn, Svein Tveiten, Grungedal\/Hovden. B26<\/a><\/p>\n<p><a href=\"https:\/\/folkemusikkarkivet.net\/telemark\/wp-content\/uploads\/2025\/09\/Detstareinfriar_MargitTveiten.mp3\">Det st\u00e5r ein friar uti garden, Margit Tveiten, Grungedal. F5<\/a><\/p>\n<p><a href=\"https:\/\/folkemusikkarkivet.net\/telemark\/wp-content\/uploads\/2025\/09\/Draumkvedet_JardbjorgKrokannStang.mp3\">Draumkvedet, Jardbj\u00f8rg Krokann Stang, Skien. B31<\/a><\/p>\n<p><a href=\"https:\/\/folkemusikkarkivet.net\/telemark\/wp-content\/uploads\/2025\/09\/Elvarhoy_MargitTveiten.mp3\">Elvarh\u00f8y, Margit Tveiten, Grungedal. A65<\/a><\/p>\n<p><a href=\"https:\/\/folkemusikkarkivet.net\/telemark\/wp-content\/uploads\/2025\/09\/Fanteguten_BritaBratland.mp3\">Fanteguten, Brita Bratland, Edland. F26<\/a><\/p>\n<p><a href=\"https:\/\/folkemusikkarkivet.net\/telemark\/wp-content\/uploads\/2025\/09\/Fanteguten_MargitTveiten.mp3\">Fanteguten, Margit Tveiten, Grungedal. F26<\/a><\/p>\n<p><a href=\"https:\/\/folkemusikkarkivet.net\/telemark\/wp-content\/uploads\/2025\/09\/Grimborg_JarandReffelbrekk.mp3\">Grimborg, Jarand Reffelbrekk, L\u00e5rdal. D61<\/a><\/p>\n<p><a href=\"https:\/\/folkemusikkarkivet.net\/telemark\/wp-content\/uploads\/2025\/09\/Grimborg_MargitTveiten.mp3\">Grimborg, Margit Tveiten, Grungedal. D61<\/a><\/p>\n<p><a href=\"https:\/\/folkemusikkarkivet.net\/telemark\/wp-content\/uploads\/2025\/09\/GrisillaogRiddeval_BritaBratland.mp3\">Grisilla og Riddeval, Brita Bratland, Edland. D288<\/a><\/p>\n<p><a href=\"https:\/\/folkemusikkarkivet.net\/telemark\/wp-content\/uploads\/2025\/09\/GrisillaogRiddeval_EivindNorheim.mp3\">Grisilla og Riddeval, Eivind Norheim, Edland. D288<\/a><\/p>\n<p><a href=\"https:\/\/folkemusikkarkivet.net\/telemark\/wp-content\/uploads\/2025\/09\/Grisilla_RikardGoytil.mp3\">Grisilla og Riddeval, Rikard G\u00f8ytil, Rauland. D288<\/a><\/p>\n<p><a href=\"https:\/\/folkemusikkarkivet.net\/telemark\/wp-content\/uploads\/2025\/09\/Grisilla_KnutKHovden.mp3\">Grisilla og Riddeval, Knut K. Hovden, H\u00f8ydalsmo. D288<\/a><\/p>\n<p><a href=\"https:\/\/folkemusikkarkivet.net\/telemark\/wp-content\/uploads\/2025\/09\/Gatene_KariDale.mp3\">G\u00e5tene, Kari Dale, Seljord. E52<\/a><\/p>\n<p><a href=\"https:\/\/folkemusikkarkivet.net\/telemark\/wp-content\/uploads\/2025\/09\/HagbardogSigne_MargitTveiten.mp3\">Hagbard og Signe, Margit Tveiten, Grungedal. D430<\/a><\/p>\n<p><a href=\"https:\/\/folkemusikkarkivet.net\/telemark\/wp-content\/uploads\/2025\/09\/HagbardogSigne_SigridBratland.mp3\">Hagbard og Signe, Sigrid Bratland, Edland. D430<\/a><\/p>\n<p><a href=\"https:\/\/folkemusikkarkivet.net\/telemark\/wp-content\/uploads\/2025\/09\/Haugebonden_HalvorBole.mp3\">Haugebonden, Halvor B\u00f8le, Tinn. A73<\/a><\/p>\n<p><a href=\"https:\/\/folkemusikkarkivet.net\/telemark\/wp-content\/uploads\/2025\/09\/Haugebonden_HoyeStrand.mp3\">Haugebonden, H\u00f8ye Strand, Seljord. A73<\/a><\/p>\n<p><a href=\"https:\/\/folkemusikkarkivet.net\/telemark\/wp-content\/uploads\/2025\/09\/Haugebonden_SigridLid.mp3\">Haugebonden, Sigrid Lid, Rauland. A73<\/a><\/p>\n<p><a href=\"https:\/\/folkemusikkarkivet.net\/telemark\/wp-content\/uploads\/2025\/09\/Haugebonden_HannaBergane.mp3\">Haugebonden, Hanna Bergane, Drangedal. A73<\/a><\/p>\n<p><a href=\"https:\/\/folkemusikkarkivet.net\/telemark\/wp-content\/uploads\/2025\/09\/Haugebonden_LavrantsOsttveiten.mp3\">Haugebonden, Lavrants \u00d8sttveiten, Seljord. A73<\/a><\/p>\n<p><a href=\"https:\/\/folkemusikkarkivet.net\/telemark\/wp-content\/uploads\/2025\/09\/Hemingunge_GudrunGraveNordlund.mp3\">Heming unge, Gudrun Grave Norlund, Seljord\/Oslo. E3<\/a><\/p>\n<p><a href=\"https:\/\/folkemusikkarkivet.net\/telemark\/wp-content\/uploads\/2025\/09\/HerrMalkom_MargitTveiten.mp3\">Herr Malkom, Margit Tveiten, Grungedal. D359<\/a><\/p>\n<p><a href=\"https:\/\/folkemusikkarkivet.net\/telemark\/wp-content\/uploads\/2025\/09\/HerrPederssjoreise_BritaBratland.mp3\">Herr Peders sj\u00f8reise, Brita Bratland, Edland. D361<\/a><\/p>\n<p><a href=\"https:\/\/folkemusikkarkivet.net\/telemark\/wp-content\/uploads\/2025\/09\/HerrPederssjoreise_KariDale.mp3\">Herr Peders sj\u00f8reise, Kari Dale, Seljord. D361<\/a><\/p>\n<p><a href=\"https:\/\/folkemusikkarkivet.net\/telemark\/wp-content\/uploads\/2025\/09\/Horpa_KristofferKarlsrud.mp3\">Horpa\/Dei to systrene, Kristoffer Karlsrud, Kviteseid. A38<\/a><\/p>\n<p><a href=\"https:\/\/folkemusikkarkivet.net\/telemark\/wp-content\/uploads\/2025\/09\/Horpa_SveinTveiten.mp3\">Horpa\/Dei to systrene, Svein Tveiten, Grungedal\/Hovden. A38<\/a><\/p>\n<p><a href=\"https:\/\/folkemusikkarkivet.net\/telemark\/wp-content\/uploads\/2025\/09\/IngaLitimor_ToraRaknes.mp3\">Inga Litimor, Tora Raknes, Kviteseid\/Oslo. D405<\/a><\/p>\n<p><a href=\"https:\/\/folkemusikkarkivet.net\/telemark\/wp-content\/uploads\/2025\/09\/Jeglagdemegsasilde_AnneOstgarden.mp3\">Jeg lagde meg s\u00e5 silde\/Ole Velland, Anne \u00d8stgarden, Sauherad. D280<\/a><\/p>\n<p><a href=\"https:\/\/folkemusikkarkivet.net\/telemark\/wp-content\/uploads\/2025\/09\/JoniGranuten_KariDale.mp3\">Jon i Gr\u00e5nuten, Kari Dale, Seljord. E167<\/a><\/p>\n<p><a href=\"https:\/\/folkemusikkarkivet.net\/telemark\/wp-content\/uploads\/2025\/09\/JoniGranuten_MargitTveiten.mp3\">Jon i Gr\u00e5nuten, Margit Tveiten, Grungedal. E167<\/a><\/p>\n<p><a href=\"https:\/\/folkemusikkarkivet.net\/telemark\/wp-content\/uploads\/2025\/09\/JutulenogstoltOli_HalvorBole.mp3\">Jutulen og stolt \u00d8li, Halvor B\u00f8le, Tinn. E160<\/a><\/p>\n<p><a href=\"https:\/\/folkemusikkarkivet.net\/telemark\/wp-content\/uploads\/2025\/09\/KjempenepaDovrefjell_MargitTveiten.mp3\">Kjempene p\u00e5 Dovrefjell, Margit Tveiten, Grungedal. A46<\/a><\/p>\n<p><a href=\"https:\/\/folkemusikkarkivet.net\/telemark\/wp-content\/uploads\/2025\/09\/Kjeringadenvonde_HoyeStrand.mp3\">Kjeringa den vonde, H\u00f8ye Strand, Seljord. F30<\/a><\/p>\n<p><a href=\"https:\/\/folkemusikkarkivet.net\/telemark\/wp-content\/uploads\/2025\/09\/Kjeringatilskrifte_KariDale.mp3\">Kjeringa til skrifte, Kari Dale, Seljord. F73<\/a><\/p>\n<p><a href=\"https:\/\/folkemusikkarkivet.net\/telemark\/wp-content\/uploads\/2025\/09\/Kjeringatilskrifte_SveinTveiten.mp3\">Kjeringa til skrifte, Svein Tveiten, Grungedal\/Hovden. F73<\/a><\/p>\n<p><a href=\"https:\/\/folkemusikkarkivet.net\/telemark\/wp-content\/uploads\/2025\/09\/KnutlitenogSylvelin_KristofferKarlsrud.mp3\">Knut liten og Sylvelin, Kristoffer Karlsrud, Kviteseid. D62<\/a><\/p>\n<p><a href=\"https:\/\/folkemusikkarkivet.net\/telemark\/wp-content\/uploads\/2025\/09\/KnutLitenogSylvelin_ToraRaknes.mp3\">Knut Liten og Sylvelin, Tora Raknes, Kviteseid\/Oslo. D62<\/a><\/p>\n<p><a href=\"https:\/\/folkemusikkarkivet.net\/telemark\/wp-content\/uploads\/2025\/09\/Kristgjeveegvar_KariDale.mp3\">Krist gjeve eg var der soli renn, Kari Dale, Seljord. D69<\/a><\/p>\n<p><a href=\"https:\/\/folkemusikkarkivet.net\/telemark\/wp-content\/uploads\/2025\/09\/Krakevisa_BergitEvju.mp3\">Kr\u00e5kevisa, Bergit Evju, Sauherad. F58<\/a><\/p>\n<p><a href=\"https:\/\/folkemusikkarkivet.net\/telemark\/wp-content\/uploads\/2025\/09\/LagjeogJon_HalvorBole.mp3\">Lage og Jon, Halvor B\u00f8le, Tinn. F11<\/a><\/p>\n<p><a href=\"https:\/\/folkemusikkarkivet.net\/telemark\/wp-content\/uploads\/2025\/09\/Larsskyttar_KariDale.mp3\">Lars skyttar, Kari Dale, Seljord. F76<\/a><\/p>\n<p><a href=\"https:\/\/folkemusikkarkivet.net\/telemark\/wp-content\/uploads\/2025\/09\/LillLisa_SveinTveiten.mp3\">Lill Lisa, Svein Tveiten, Grungedal\/Hovden. D288<\/a><\/p>\n<p><a href=\"https:\/\/folkemusikkarkivet.net\/telemark\/wp-content\/uploads\/2025\/09\/LitenJuril_HalvorBole.mp3\">Liten Juril, Halvor B\u00f8le, Tinn. D394<\/a><\/p>\n<p><a href=\"https:\/\/folkemusikkarkivet.net\/telemark\/wp-content\/uploads\/2025\/09\/LitiKjersti_LavrantsOsttveiten.mp3\">Liti Kjersti og bergekongen, Lavrants \u00d8sttveiten, Seljord. A54<\/a><\/p>\n<p><a href=\"https:\/\/folkemusikkarkivet.net\/telemark\/wp-content\/uploads\/2025\/09\/LitiKjersti_BritaBratland.mp3\">Liti Kjersti og bergekongen, Brita Bratland, Edland. A54<\/a><\/p>\n<p><a href=\"https:\/\/folkemusikkarkivet.net\/telemark\/wp-content\/uploads\/2025\/09\/LitiKjerstistalldreng_BritaBratland.mp3\">Liti Kjersti stalldreng, Brita Bratland, Edland. D396<\/a><\/p>\n<p><a href=\"https:\/\/folkemusikkarkivet.net\/telemark\/wp-content\/uploads\/2025\/09\/LitiKjerstistalldreng_MargitTveiten.mp3\">Liti Kjersti stalldreng, Margit Tveiten, Grungedal. D396<\/a><\/p>\n<p><a href=\"https:\/\/folkemusikkarkivet.net\/telemark\/wp-content\/uploads\/2025\/09\/Lommand_SveinTveiten.mp3\">Lommand, Svein Tveiten, Grungedal\/Hovden. D45<\/a><\/p>\n<p><a href=\"https:\/\/folkemusikkarkivet.net\/telemark\/wp-content\/uploads\/2025\/09\/MargitHjukse_JarandReffelbrekk.mp3\">Margit Hjukse, Jarand Reffelbrekk, L\u00e5rdal. A54<\/a><\/p>\n<p><a href=\"https:\/\/folkemusikkarkivet.net\/telemark\/wp-content\/uploads\/2025\/09\/MargitHjukse_MarieVollestad.mp3\">Margit Hjukse, Marie V\u00f8llestad, Drangedal. A54<\/a><\/p>\n<p><a href=\"https:\/\/folkemusikkarkivet.net\/telemark\/wp-content\/uploads\/2025\/09\/Mollardottera_BritaBratland.mp3\">M\u00f8llardottera, Brita Bratland, Edland. F17<\/a><\/p>\n<p><a href=\"https:\/\/folkemusikkarkivet.net\/telemark\/wp-content\/uploads\/2025\/09\/Mollardottera_JorgenTHolte.mp3\">M\u00f8llardottera, J\u00f8rgen T. Holte, Drangedal. F17<\/a><\/p>\n<p><a href=\"https:\/\/folkemusikkarkivet.net\/telemark\/wp-content\/uploads\/2025\/09\/Mollardottera_EivindNorheim.mp3\">M\u00f8llardottera, Eivind Norheim, Edland. F17<\/a><\/p>\n<p><a href=\"https:\/\/folkemusikkarkivet.net\/telemark\/wp-content\/uploads\/2025\/09\/Mollardottera_MargitTveiten.mp3\">M\u00f8llardottera, Margit Tveiten, Grungedal. F17<\/a><\/p>\n<p><a href=\"https:\/\/folkemusikkarkivet.net\/telemark\/wp-content\/uploads\/2025\/09\/Mollardottera_RikardGoytil.mp3\">M\u00f8llardottera, Rikard G\u00f8ytil, Rauland. F17<\/a><\/p>\n<p><a href=\"https:\/\/folkemusikkarkivet.net\/telemark\/wp-content\/uploads\/2025\/09\/Mollardottera_SveinTveiten.mp3\">M\u00f8llardottera, Svein Tveiten, Grungedal\/Hovden. F17<\/a><\/p>\n<p><a href=\"https:\/\/folkemusikkarkivet.net\/telemark\/wp-content\/uploads\/2025\/09\/Malfrimifruve_BritaBratland.mp3\">M\u00e5lfri mi fruve\/Far og dotter, Brita Bratland, Edland. D324<\/a><\/p>\n<p><a href=\"https:\/\/folkemusikkarkivet.net\/telemark\/wp-content\/uploads\/2025\/09\/Malfrimifruve_MargitTveiten.mp3\">M\u00e5lfri mi fruve\/Far og dotter, Margit Tveiten, Grungedal. D324<\/a><\/p>\n<p><a href=\"https:\/\/folkemusikkarkivet.net\/telemark\/wp-content\/uploads\/2025\/09\/Malfrimifruve_EivindNorheim.mp3\">M\u00e5lfri mi fruve\/Far og dotter, Eivind Norheim, Edland. D324<\/a><\/p>\n<p><a href=\"https:\/\/folkemusikkarkivet.net\/telemark\/wp-content\/uploads\/2025\/09\/Malfrimifruve_SveinTveiten.mp3\">M\u00e5lfri mi fruve\/Far og dotter, Svein Tveiten, Grungedal\/Hovden. D324<\/a><\/p>\n<p><a href=\"https:\/\/folkemusikkarkivet.net\/telemark\/wp-content\/uploads\/2025\/09\/Revenogbonden_KariDale.mp3\">Reven og bonden, Kari Dale, Seljord. F63<\/a><\/p>\n<p><a href=\"https:\/\/folkemusikkarkivet.net\/telemark\/wp-content\/uploads\/2025\/09\/Revensarvegods_MargitTveiten.mp3\">Revens arvegods, Margit Tveiten, Grungedal. F63<\/a><\/p>\n<p><a href=\"https:\/\/folkemusikkarkivet.net\/telemark\/wp-content\/uploads\/2025\/09\/Revensarvegods_SigneLiestol.mp3\">Revens arvegods, Signe Liest\u00f8l, Vinje. F63<\/a><\/p>\n<p><a href=\"https:\/\/folkemusikkarkivet.net\/telemark\/wp-content\/uploads\/2025\/09\/Revensarvegods_AasmundHogetveit.mp3\">Revens arvegods, Aasmund H\u00f8getveit, Vinje. F63<\/a><\/p>\n<p><a href=\"https:\/\/folkemusikkarkivet.net\/telemark\/wp-content\/uploads\/2025\/09\/RideboldogGullborg_SveinTveiten.mp3\">Ridebold og Gullborg, Svein Tveiten, Grungedal\/Hovden. A41<\/a><\/p>\n<p><a href=\"https:\/\/folkemusikkarkivet.net\/telemark\/wp-content\/uploads\/2025\/09\/RullemannogHilleborg_EinarSveinsson.mp3\">Rullemann og Hilleborg, Einar Sveinsson, Seljord. D411<\/a><\/p>\n<p><a href=\"https:\/\/folkemusikkarkivet.net\/telemark\/wp-content\/uploads\/2025\/09\/RullemannogHilleborg_HoyeStrand.mp3\">Rullemann og Hilleborg, H\u00f8ye Strand, Seljord. D411<\/a><\/p>\n<p><a href=\"https:\/\/folkemusikkarkivet.net\/telemark\/wp-content\/uploads\/2025\/09\/Runarvisa_SveinTveiten.mp3\">Runarvisa, Svein Tveiten, Grungedal\/Hovden. A50<\/a><\/p>\n<p><a href=\"https:\/\/folkemusikkarkivet.net\/telemark\/wp-content\/uploads\/2025\/09\/Ramundunge_AsmundGroven.mp3\">R\u00e5mund unge, \u00c5smund Groven, Heddal. E139<\/a><\/p>\n<p><a href=\"https:\/\/folkemusikkarkivet.net\/telemark\/wp-content\/uploads\/2025\/09\/Signelita_AnneTjonn.mp3\">Signelita, Anne Tj\u00f8nn, Tuddal. D294<\/a><\/p>\n<p><a href=\"https:\/\/folkemusikkarkivet.net\/telemark\/wp-content\/uploads\/2025\/09\/SigneLita_AasteTinnes.mp3\">Signelita, Aaste Tinnes, Heddal. D294<\/a><\/p>\n<p><a href=\"https:\/\/folkemusikkarkivet.net\/telemark\/wp-content\/uploads\/2025\/09\/Sigurdogtrollbrura_EinarSveinsson.mp3\">Sigurd og trollbrura, Einar Sveinsson, Seljord. E143<\/a><\/p>\n<p><a href=\"https:\/\/folkemusikkarkivet.net\/telemark\/wp-content\/uploads\/2025\/09\/SigurdSvein_MargitTveiten.mp3\">Sigurd Svein, Margit Tveiten, Grungedal. E50<\/a><\/p>\n<p><a href=\"https:\/\/folkemusikkarkivet.net\/telemark\/wp-content\/uploads\/2025\/09\/StoltMargitogbrorhennar_MargitTveiten.mp3\">Stolt Margit og bror hennar, Margit Tveiten, Grungedal. B20<\/a><\/p>\n<p><a href=\"https:\/\/folkemusikkarkivet.net\/telemark\/wp-content\/uploads\/2025\/09\/StoltMargitogIvenE_MargitTveiten.mp3\">Stolt Margit og Iven Erningsson, Margit Tveiten, Grungedal. D168<\/a><\/p>\n<p><a href=\"https:\/\/folkemusikkarkivet.net\/telemark\/wp-content\/uploads\/2025\/09\/Storebroroglillebror_BergitTjonn.mp3\">Storebror og lillebror, Bergit Tj\u00f8nn, Tuddal. E64<\/a><\/p>\n<p><a href=\"https:\/\/folkemusikkarkivet.net\/telemark\/wp-content\/uploads\/2025\/09\/Storebroroglillebror_EinarSveinsson.mp3\">Storebror og lillebror, Einar Sveinsson, Seljord. E64<\/a><\/p>\n<p><a href=\"https:\/\/folkemusikkarkivet.net\/telemark\/wp-content\/uploads\/2025\/09\/Storebroroglillebror_KariDale.mp3\">Storebror og lillebror, Kari Dale, Seljord. E64<\/a><\/p>\n<p><a href=\"https:\/\/folkemusikkarkivet.net\/telemark\/wp-content\/uploads\/2025\/09\/Storebroroglillebror_SveinTveiten.mp3\">Storebror og lillebror, Svein Tveiten, Grungedal\/Hovden. E64<\/a><\/p>\n<p><a href=\"https:\/\/folkemusikkarkivet.net\/telemark\/wp-content\/uploads\/2025\/09\/SvenVonved_MargitTveiten.mp3\">Sven Vonved, Margit Tveiten, Grungedal. E52<\/a><\/p>\n<p><a href=\"https:\/\/folkemusikkarkivet.net\/telemark\/wp-content\/uploads\/2025\/09\/Terningspelet_SigneLiestol.mp3\">Terningspelet, Signe Liest\u00f8l, Vinje. D399<\/a><\/p>\n<p><a href=\"https:\/\/folkemusikkarkivet.net\/telemark\/wp-content\/uploads\/2025\/09\/Tordivelenogfluga_BritaBratland.mp3\">Tordivelen og fluga, Brita Bratland, Edland. F67<\/a><\/p>\n<p><a href=\"https:\/\/folkemusikkarkivet.net\/telemark\/wp-content\/uploads\/2025\/09\/Tordivelenogfluga_HalvorBole.mp3\">Tordivelen og fluga, Halvor B\u00f8le, Tinn. F67<\/a><\/p>\n<p><a href=\"https:\/\/folkemusikkarkivet.net\/telemark\/wp-content\/uploads\/2025\/09\/Tordivelenogfluga_MargitTveiten.mp3\">Tordivelen og fluga, Margit Tveiten, Grungedal. F67<\/a><\/p>\n<p><a href=\"https:\/\/folkemusikkarkivet.net\/telemark\/wp-content\/uploads\/2025\/09\/Torsteintalatilstavensin_JonRonningen.mp3\">Torstein tala til staven sin, Jon R\u00f8nningen, Lunde. F57<\/a><\/p>\n<p><a href=\"https:\/\/folkemusikkarkivet.net\/telemark\/wp-content\/uploads\/2025\/09\/Trulsmedbogen_HalvorBole.mp3\">Truls med bogen, Halvor B\u00f8le, Tinn. F53<\/a><\/p>\n<p><a href=\"https:\/\/folkemusikkarkivet.net\/telemark\/wp-content\/uploads\/2025\/09\/UnganSvegder_SveinTveiten.mp3\">Ungan Svegder, Svein Tveiten, Grungedal\/Hovden. A45<\/a><\/p>\n<p><a href=\"https:\/\/folkemusikkarkivet.net\/telemark\/wp-content\/uploads\/2025\/09\/Valivan_BritaBratland.mp3\">Valivan, Brita Bratland, Edland. D426<\/a><\/p>\n<p><a href=\"https:\/\/folkemusikkarkivet.net\/telemark\/wp-content\/uploads\/2025\/09\/Valivan_MargitTveiten.mp3\">Valivan, Margit Tveiten, Grungedal. D426<\/a><\/p>\n<p><a href=\"https:\/\/folkemusikkarkivet.net\/telemark\/wp-content\/uploads\/2025\/09\/Valivan_SveinTveiten.mp3\">Valivan, Svein Tveiten, Grungedal\/Hovden. D426<\/a><\/p>\n<p><a href=\"https:\/\/folkemusikkarkivet.net\/telemark\/wp-content\/uploads\/2025\/09\/Venelitiogbergekongen_BritaBratland.mp3\">Veneliti og bergekongen, Brita Bratland, Edland. A54<\/a><\/p>\n<p><a href=\"https:\/\/folkemusikkarkivet.net\/telemark\/wp-content\/uploads\/2025\/09\/Venelitiogbergekongen_MargitTveiten.mp3\">Veneliti og bergekongen, Margit Tveiten, Grungedal. A54<\/a><\/p>\n<p><a href=\"https:\/\/folkemusikkarkivet.net\/telemark\/wp-content\/uploads\/2025\/09\/VillemannogMagnhild_HoyeStrand.mp3\">Villemann og Magnhild, H\u00f8ye Strand, Seljord. A50<\/a><\/p>\n<p><a href=\"https:\/\/folkemusikkarkivet.net\/telemark\/wp-content\/uploads\/2025\/09\/AsmundFregdegjeva_HalvorBole.mp3\">\u00c5smund Fregdegjeva, Halvor B\u00f8le, Tinn. E145<\/a><\/p>\n<p><a href=\"https:\/\/folkemusikkarkivet.net\/telemark\/wp-content\/uploads\/2025\/09\/AsmundFregdegjeva_HoyeStrand.mp3\">\u00c5smund Fregdegjeva, H\u00f8ye Strand, Seljord. E145<\/a><\/p>\n<p><a href=\"https:\/\/folkemusikkarkivet.net\/telemark\/wp-content\/uploads\/2025\/09\/AsmundFregdegjeva_KariDale.mp3\">\u00c5smund Fregdegjeva, Kari Dale, Seljord. E145<\/a><\/p>\n","protected":false},"excerpt":{"rendered":"<p>Balladar er episke, dvs forteljande viser, med r\u00f8ter i mellomalderen. Ordet ballade betyr dansevise, og det kan vera grunn til \u00e5 tru at ein har dansa til desse visene i Noreg i eldre tid, men dette finst det ikkje sikker dokumentasjon p\u00e5. I den norske tradisjonen vi kjenner i dag, kan balladane ofte bli sunge [&hellip;]<\/p>\n","protected":false},"author":1,"featured_media":0,"parent":0,"menu_order":0,"comment_status":"closed","ping_status":"closed","template":"","meta":{"_acf_changed":false,"footnotes":""},"class_list":["post-349","page","type-page","status-publish","hentry"],"acf":[],"_links":{"self":[{"href":"https:\/\/folkemusikkarkivet.net\/telemark\/index.php\/wp-json\/wp\/v2\/pages\/349","targetHints":{"allow":["GET"]}}],"collection":[{"href":"https:\/\/folkemusikkarkivet.net\/telemark\/index.php\/wp-json\/wp\/v2\/pages"}],"about":[{"href":"https:\/\/folkemusikkarkivet.net\/telemark\/index.php\/wp-json\/wp\/v2\/types\/page"}],"author":[{"embeddable":true,"href":"https:\/\/folkemusikkarkivet.net\/telemark\/index.php\/wp-json\/wp\/v2\/users\/1"}],"replies":[{"embeddable":true,"href":"https:\/\/folkemusikkarkivet.net\/telemark\/index.php\/wp-json\/wp\/v2\/comments?post=349"}],"version-history":[{"count":113,"href":"https:\/\/folkemusikkarkivet.net\/telemark\/index.php\/wp-json\/wp\/v2\/pages\/349\/revisions"}],"predecessor-version":[{"id":624,"href":"https:\/\/folkemusikkarkivet.net\/telemark\/index.php\/wp-json\/wp\/v2\/pages\/349\/revisions\/624"}],"wp:attachment":[{"href":"https:\/\/folkemusikkarkivet.net\/telemark\/index.php\/wp-json\/wp\/v2\/media?parent=349"}],"curies":[{"name":"wp","href":"https:\/\/api.w.org\/{rel}","templated":true}]}}